{"id":1808,"date":"2021-06-07T07:18:10","date_gmt":"2021-06-07T07:18:10","guid":{"rendered":"https:\/\/promo-theme.com\/novo\/?page_id=1808"},"modified":"2025-05-17T20:10:05","modified_gmt":"2025-05-17T20:10:05","slug":"one-page-elementor","status":"publish","type":"page","link":"https:\/\/fotokisielewski.com\/","title":{"rendered":"One Page"},"content":{"rendered":"\t\t<div data-elementor-type=\"wp-page\" data-elementor-id=\"1808\" class=\"elementor elementor-1808\">\n\t\t\t\t\t\t<section class=\"elementor-section elementor-top-section elementor-element elementor-element-18b6e7c elementor-section-full_width elementor-section-height-default elementor-section-height-default\" data-id=\"18b6e7c\" data-element_type=\"section\" data-e-type=\"section\">\n\t\t\t\t\t\t<div class=\"elementor-container elementor-column-gap-no\">\n\t\t\t\t\t<div class=\"elementor-column elementor-col-100 elementor-top-column elementor-element elementor-element-5d0fecf\" data-id=\"5d0fecf\" data-element_type=\"column\" data-e-type=\"column\">\n\t\t\t<div class=\"elementor-widget-wrap elementor-element-populated\">\n\t\t\t\t\t\t<div class=\"elementor-element elementor-element-1142ba8 elementor-widget elementor-widget-yprm_banner\" data-id=\"1142ba8\" data-element_type=\"widget\" data-e-type=\"widget\" data-widget_type=\"yprm_banner.default\">\n\t\t\t\t<div class=\"elementor-widget-container\">\n\t\t\t\t\t\t\t\t<div class=\"banner-wrapper banner-area banner-69e35929138fe external-indent\" style=\"--transition-speed: 2300ms;\" data-settings=\"{&quot;loop&quot;:true,&quot;speed&quot;:300,&quot;autoplay&quot;:{&quot;delay&quot;:5000,&quot;disableOnInteraction&quot;:false,&quot;pauseOnMouseEnter&quot;:true},&quot;arrows&quot;:true,&quot;dots&quot;:true,&quot;dots_position&quot;:&quot;right-bottom&quot;,&quot;animation&quot;:&quot;&quot;}\">\r\n\t\t\t\t\t\t<div class=\"banner-social-buttons\">\r\n\t\t\t<div class=\"links\">\r\n\t\t\t\t      <a class=\"item\" target=\"_blank\">\r\n        <svg class=\"e-font-icon-svg e-fab-facebook\" viewBox=\"0 0 512 512\" xmlns=\"http:\/\/www.w3.org\/2000\/svg\"><path d=\"M504 256C504 119 393 8 256 8S8 119 8 256c0 123.78 90.69 226.38 209.25 245V327.69h-63V256h63v-54.64c0-62.15 37-96.48 93.67-96.48 27.14 0 55.52 4.84 55.52 4.84v61h-31.28c-30.8 0-40.41 19.12-40.41 38.73V256h68.78l-11 71.69h-57.78V501C413.31 482.38 504 379.78 504 256z\"><\/path><\/svg>        <span>facebook<\/span>\r\n      <\/a>\r\n          <a class=\"item\" target=\"_blank\">\r\n        <svg class=\"e-font-icon-svg e-fab-twitter\" viewBox=\"0 0 512 512\" xmlns=\"http:\/\/www.w3.org\/2000\/svg\"><path d=\"M459.37 151.716c.325 4.548.325 9.097.325 13.645 0 138.72-105.583 298.558-298.558 298.558-59.452 0-114.68-17.219-161.137-47.106 8.447.974 16.568 1.299 25.34 1.299 49.055 0 94.213-16.568 130.274-44.832-46.132-.975-84.792-31.188-98.112-72.772 6.498.974 12.995 1.624 19.818 1.624 9.421 0 18.843-1.3 27.614-3.573-48.081-9.747-84.143-51.98-84.143-102.985v-1.299c13.969 7.797 30.214 12.67 47.431 13.319-28.264-18.843-46.781-51.005-46.781-87.391 0-19.492 5.197-37.36 14.294-52.954 51.655 63.675 129.3 105.258 216.365 109.807-1.624-7.797-2.599-15.918-2.599-24.04 0-57.828 46.782-104.934 104.934-104.934 30.213 0 57.502 12.67 76.67 33.137 23.715-4.548 46.456-13.32 66.599-25.34-7.798 24.366-24.366 44.833-46.132 57.827 21.117-2.273 41.584-8.122 60.426-16.243-14.292 20.791-32.161 39.308-52.628 54.253z\"><\/path><\/svg>        <span>twitter<\/span>\r\n      <\/a>\r\n          <a class=\"item\" target=\"_blank\">\r\n        <svg class=\"e-font-icon-svg e-fab-youtube\" viewBox=\"0 0 576 512\" xmlns=\"http:\/\/www.w3.org\/2000\/svg\"><path d=\"M549.655 124.083c-6.281-23.65-24.787-42.276-48.284-48.597C458.781 64 288 64 288 64S117.22 64 74.629 75.486c-23.497 6.322-42.003 24.947-48.284 48.597-11.412 42.867-11.412 132.305-11.412 132.305s0 89.438 11.412 132.305c6.281 23.65 24.787 41.5 48.284 47.821C117.22 448 288 448 288 448s170.78 0 213.371-11.486c23.497-6.321 42.003-24.171 48.284-47.821 11.412-42.867 11.412-132.305 11.412-132.305s0-89.438-11.412-132.305zm-317.51 213.508V175.185l142.739 81.205-142.739 81.201z\"><\/path><\/svg>        <span>youtube<\/span>\r\n      <\/a>\r\n    \t\t\t<\/div>\r\n\t\t<\/div>\r\n\t\t\t\t\t\t\t\t\t<div class=\"banner-categories vertical-align-bottom text-align-left\">\r\n\t\t\t\t      <div class=\"item\">\r\n        <a href=\"#\"  target=\"_blank\"  rel=\"nofollow\" style=\"background-image: url(https:\/\/fotokisielewski.com\/wp-content\/uploads\/2024\/03\/Ola_001_SRGB.jpg);\">\r\n          <span>\r\n            <span class=\"num\"><\/span>\r\n            <span class=\"h\">Portrety<\/span>\r\n          <\/span>\r\n        <\/a>\r\n      <\/div>\r\n          <div class=\"item\">\r\n        <a href=\"#\"  target=\"_blank\"  rel=\"nofollow\" style=\"background-image: url(https:\/\/fotokisielewski.com\/wp-content\/uploads\/2024\/03\/5te_Urodziny_Igora_SRGB_039.jpg);\">\r\n          <span>\r\n            <span class=\"num\"><\/span>\r\n            <span class=\"h\">Imprezy okoliczno\u015bciowe \/ Events<\/span>\r\n          <\/span>\r\n        <\/a>\r\n      <\/div>\r\n          <div class=\"item\">\r\n        <a href=\"#\"  target=\"_blank\"  rel=\"nofollow\" style=\"background-image: url(https:\/\/fotokisielewski.com\/wp-content\/uploads\/2024\/03\/Ola_008_SRGB.jpg);\">\r\n          <span>\r\n            <span class=\"num\"><\/span>\r\n            <span class=\"h\">Studio<\/span>\r\n          <\/span>\r\n        <\/a>\r\n      <\/div>\r\n          <div class=\"item\">\r\n        <a href=\"#\"  target=\"_blank\"  rel=\"nofollow\" style=\"background-image: url(https:\/\/fotokisielewski.com\/wp-content\/uploads\/2024\/03\/Sesja_Gorzanow_Kinga_SRGB_268-1-1.jpg);\">\r\n          <span>\r\n            <span class=\"num\"><\/span>\r\n            <span class=\"h\">Moda<\/span>\r\n          <\/span>\r\n        <\/a>\r\n      <\/div>\r\n          <div class=\"item\">\r\n        <a href=\"#\"  target=\"_blank\"  rel=\"nofollow\" style=\"background-image: url(https:\/\/fotokisielewski.com\/wp-content\/uploads\/2024\/03\/Wschod_slonca_o_poranku_Trawowa_SRGB_017-e1709920411435.jpg);\">\r\n          <span>\r\n            <span class=\"num\"><\/span>\r\n            <span class=\"h\">Nature<\/span>\r\n          <\/span>\r\n        <\/a>\r\n      <\/div>\r\n    \t\t\t<\/div>\r\n\t\t\t\t\t\t\t\t\t<div class=\"banner-about content\">\r\n\t\t\t\t<div class=\"row\">\r\n\t\t\t\t\t\t\t\t\t\t\t\t<div class=\"image col-12 col-md-6\" style=\"background-image: url(https:\/\/fotokisielewski.com\/wp-content\/uploads\/2024\/03\/SEB04_500X2.jpg);\"><\/div>\r\n        <div class=\"text col-12 col-md-6\">\r\n\t\t\t\t\t\t\t<div class=\"wrap\">\r\n\t\t\t\t\t<div class=\"cell\">\r\n\t\t\t\t\t\t\t\t\t\t\t\t\t<div class=\"image\" style=\"background-image: url(https:\/\/fotokisielewski.com\/wp-content\/uploads\/2024\/03\/SEB04_500X2.jpg);\"><\/div>\r\n\t\t\t\t\t\t\t\t\t\t\t\t\t\t\t<div class=\"sub-h\">o mnie<\/div>\r\n\t\t\t\t\t\t\t\t\t\t\t<div class=\"heading-decor\"><h3>Nazywam si\u0119 Sebastian Kisielewski<br \/>\ni jestem profesjonalnym fotografem<\/h3><\/div>\r\n\t\t\t\t\t\t\t\t\t\t\t<div class=\"text-p\">Witam Serdecznie na mojej stronie.<br \/>\nSkoro tu jeste\u015b to pewnie zainreresowa\u0142y Ci\u0119 moje prace.<br \/>\n<br \/>\nSpecjalizuj\u0119 si\u0119 w fotografii ludzi. <br \/>\nPrywatnie najcz\u0119\u015bciej robi\u0119 reporta\u017ce rodzinne i okoliczn\u015bciowe. Lubi\u0119 te\u017c fotografowa\u0107 przyrod\u0119.<br \/>\n<br \/>\nW moim portfolio znajdziesz portrety, sesje modowe, sesje rodzinne, sesje biznesowe oraz reporta\u017ce \u015blubne.<br \/>\n<br \/>\nUwielbiam pracowa\u0107 z lud\u017ami. W \u017cyciu i w pracy jestem perfekcjonist\u0105. Zawsze daje z siebie 110%. <br \/>\nSzukam ciekawych uj\u0119\u0107 i sytuacji wyra\u017caj\u0105cych oryginalne uj\u0119cie chwili.<br \/>\n<br \/>\nW swoich pracach stosuj\u0119 zaaawansowany sprz\u0119t i najnowocze\u015bniejsze techniiki fotograficzne.<br \/>\nJestem elastyczny i otwarty na ka\u017cde wyzwanie, im bardziej zwariowane tym lepiej.<br \/>\n<br \/>\nPolecam Serdecznie i zapraszam do kontaktu.<\/div>\r\n\t\t\t\t\t\t\t\t      <a href=\"#\" class=\"button-style2\"  target=\"_blank\"  rel=\"nofollow\">\r\n        Read More      <\/a>\r\n    \t\t\t\t\t<\/div>\r\n\t\t\t\t<\/div>\r\n\t\t\t\t\t\t\t<div class=\"bg-word\">\r\n\t\t\t\t\t\t\t\t\tAbout\t\t\t\t\t\t\t<\/div>\r\n\t\t\t\t\t<\/div>\r\n\t\t\t\t\t\t<\/div>\r\n\t\t\t<\/div>\r\n\t\t\t\t\t\t\t\t\t<div class=\"banner-right-buttons widget-elementor\">\r\n\t\t\t\t<div class=\"cell\">\r\n\t\t\t\t\t            <div class=\"button category\">\r\n              <span class=\"h\">Categories<\/span>\r\n              <span class=\"close\">\r\n                <i class=\"basic-ui-icon-cancel\"><\/i>\r\n                                  Zamknij                \t\t\t\t\t\t\t<\/span>\r\n\t\t\t\t\t\t<\/div>\r\n\t\t\t\t\t\r\n\t\t\t\t\t              <div class=\"button about\">\r\n                <span class=\"h\">About<\/span>\r\n                <span class=\"close\"><i class=\"basic-ui-icon-cancel\"><\/i>\r\n                                      Zamknij                  \t\t\t\t\t\t\t\t<\/span>\r\n\t\t\t\t\t\t\t<\/div>\r\n\t\t\t\t\t\t          \t\t\t\t<\/div>\r\n\t\t\t<\/div>\r\n\t\t\r\n\t\t\t\t<div class=\"banner banner-items banner-69e3592913904 fixed-height arrows-right-bottom pagination-right-bottom\" id=\"banner-69e3592913905\">\r\n          <div class=\"swiper\">\r\n            <div class=\"swiper-wrapper\">\r\n                    <div class=\"item swiper-slide item-banner banner-item-69e3592915c8f elementor-repeater-item-ba46e5b tal inherit\">\r\n        <div class=\"bg-image\" style=\"background-image: url(https:\/\/fotokisielewski.com\/wp-content\/uploads\/2024\/03\/Patrycja_Franczak_SRGB_045.jpg)\"><\/div>\r\n                  \n    <div class=\"bg-overlay\">\n          <\/div>\n\n                            <div class=\"container\">\r\n          <div class=\"cell bottom\">\r\n\t\t\t\t\t\t\t\t\t\t\t\t\t<div class=\"heading heading-with-num-type2\">\r\n\t\t\t\t\t\t\t\t<div class=\"top\">\r\n\t\t\t\t\t\t\t\t\t<div class=\"num\"><\/div>\r\n\t\t\t\t\t\t\t\t\t\t\t\t\t\t\t\t\t\t\t<div class=\"sub-h\">Sesje plenerowe<\/div>\r\n\t\t\t\t\t\t\t\t\t\t\t\t\t\t\t\t\t<\/div>\r\n\t\t\t\t\t\t\t\t<h2 class=\"h\">\r\n\t\t\t\t\t\t\t\t\tPatrycja Franczak\t\t\t\t\t\t\t\t<\/h2>\r\n\t\t\t\t\t\t\t<\/div>\r\n\t\t\t\t\t\t\t\t\t\t\t\t\t\t\t\t\t\t\t<div class=\"text\">Sesja w Parku Grabiszy\u0144skim - Wroc\u0142aw<\/div>\r\n\t\t\t\t\t    \t\t\t\t\t    \t\t\t\t\t\t\t\t\t\t\t<\/div>\r\n\t\t\t\t<\/div>\r\n\t\t\t<\/div>\r\n\t\t      <div class=\"item swiper-slide item-banner banner-item-69e35929160fa elementor-repeater-item-abc0999 tal inherit\">\r\n        <div class=\"bg-image\" style=\"background-image: url(https:\/\/fotokisielewski.com\/wp-content\/uploads\/2024\/03\/Ola_011_SRGB.jpg)\"><\/div>\r\n                  \n    <div class=\"bg-overlay\">\n          <\/div>\n\n                            <div class=\"container\">\r\n          <div class=\"cell bottom\">\r\n\t\t\t\t\t\t\t\t\t\t\t\t\t<div class=\"heading heading-with-num-type2\">\r\n\t\t\t\t\t\t\t\t<div class=\"top\">\r\n\t\t\t\t\t\t\t\t\t<div class=\"num\"><\/div>\r\n\t\t\t\t\t\t\t\t\t\t\t\t\t\t\t\t\t\t\t<div class=\"sub-h\">Sesje studyjne<\/div>\r\n\t\t\t\t\t\t\t\t\t\t\t\t\t\t\t\t\t<\/div>\r\n\t\t\t\t\t\t\t\t<h2 class=\"h\">\r\n\t\t\t\t\t\t\t\t\tAleksandra Dobroszczyk\t\t\t\t\t\t\t\t<\/h2>\r\n\t\t\t\t\t\t\t<\/div>\r\n\t\t\t\t\t\t\t\t\t\t\t\t\t\t\t\t\t\t\t<div class=\"text\">Sesja w studiu PHOBOS Wroc\u0142aw<\/div>\r\n\t\t\t\t\t    \t\t\t\t\t    \t\t\t\t\t\t    <a href=\"#\" class=\"button-style2\">\r\n\t\t\t\t\t\t    \t\t\t\t\t\t\t\t    <span>read more<\/span>\r\n\t\t\t\t\t\t\t<\/a>\r\n\t\t\t\t\t\t\t\t\t\t\t\t\t\t\t\t\t<\/div>\r\n\t\t\t\t<\/div>\r\n\t\t\t<\/div>\r\n\t\t      <div class=\"item swiper-slide item-banner banner-item-69e359291642e elementor-repeater-item-655cc59 tal inherit\">\r\n        <div class=\"bg-image\" style=\"background-image: url(https:\/\/fotokisielewski.com\/wp-content\/uploads\/2024\/03\/Patrycja_Franczak_SRGB_042.jpg)\"><\/div>\r\n                  \n    <div class=\"bg-overlay\">\n          <\/div>\n\n                            <div class=\"container\">\r\n          <div class=\"cell bottom\">\r\n\t\t\t\t\t\t\t\t\t\t\t\t\t<div class=\"heading heading-with-num-type2\">\r\n\t\t\t\t\t\t\t\t<div class=\"top\">\r\n\t\t\t\t\t\t\t\t\t<div class=\"num\"><\/div>\r\n\t\t\t\t\t\t\t\t\t\t\t\t\t\t\t\t\t\t\t<div class=\"sub-h\">Portraits<\/div>\r\n\t\t\t\t\t\t\t\t\t\t\t\t\t\t\t\t\t<\/div>\r\n\t\t\t\t\t\t\t\t<h2 class=\"h\">\r\n\t\t\t\t\t\t\t\t\tPatrycja Franczak\t\t\t\t\t\t\t\t<\/h2>\r\n\t\t\t\t\t\t\t<\/div>\r\n\t\t\t\t\t\t\t\t\t\t\t\t\t\t\t\t\t    \t\t\t\t\t\t    <a href=\"#\" class=\"button-style2\">\r\n\t\t\t\t\t\t    \t\t\t\t\t\t\t\t    <span>read more<\/span>\r\n\t\t\t\t\t\t\t<\/a>\r\n\t\t\t\t\t\t\t\t\t\t\t\t\t\t\t\t\t<\/div>\r\n\t\t\t\t<\/div>\r\n\t\t\t<\/div>\r\n\t\t      <div class=\"item swiper-slide item-banner banner-item-69e35929166d0 elementor-repeater-item-39a0143 tal inherit\">\r\n        <div class=\"bg-image\" style=\"background-image: url(https:\/\/fotokisielewski.com\/wp-content\/uploads\/2024\/03\/Ola_014a_SRGB_BW.jpg)\"><\/div>\r\n                  \n    <div class=\"bg-overlay\">\n          <\/div>\n\n                            <div class=\"container\">\r\n          <div class=\"cell bottom\">\r\n\t\t\t\t\t\t\t\t\t\t\t\t\t<div class=\"heading heading-with-num-type2\">\r\n\t\t\t\t\t\t\t\t<div class=\"top\">\r\n\t\t\t\t\t\t\t\t\t<div class=\"num\"><\/div>\r\n\t\t\t\t\t\t\t\t\t\t\t\t\t\t\t\t\t\t\t<div class=\"sub-h\">Portraits<\/div>\r\n\t\t\t\t\t\t\t\t\t\t\t\t\t\t\t\t\t<\/div>\r\n\t\t\t\t\t\t\t\t<h2 class=\"h\">\r\n\t\t\t\t\t\t\t\t\tAleksandra Dobroszczyk\t\t\t\t\t\t\t\t<\/h2>\r\n\t\t\t\t\t\t\t<\/div>\r\n\t\t\t\t\t\t\t\t\t\t\t\t\t\t\t\t\t\t\t<div class=\"text\">sesja studyjna<\/div>\r\n\t\t\t\t\t    \t\t\t\t\t    \t\t\t\t\t\t    <a href=\"#\" class=\"button-style2\">\r\n\t\t\t\t\t\t    \t\t\t\t\t\t\t\t    <span>read more<\/span>\r\n\t\t\t\t\t\t\t<\/a>\r\n\t\t\t\t\t\t\t\t\t\t\t\t\t\t\t\t\t<\/div>\r\n\t\t\t\t<\/div>\r\n\t\t\t<\/div>\r\n\t\t      <div class=\"item swiper-slide item-banner banner-item-69e3592916a8c elementor-repeater-item-be6b67d tal inherit\">\r\n        <div class=\"bg-image\" style=\"background-image: url(https:\/\/fotokisielewski.com\/wp-content\/uploads\/2024\/03\/Ola_05_SRGB.jpg)\"><\/div>\r\n                  \n    <div class=\"bg-overlay\">\n          <\/div>\n\n                            <div class=\"container\">\r\n          <div class=\"cell bottom\">\r\n\t\t\t\t\t\t\t\t\t\t\t\t\t<div class=\"heading heading-with-num-type2\">\r\n\t\t\t\t\t\t\t\t<div class=\"top\">\r\n\t\t\t\t\t\t\t\t\t<div class=\"num\"><\/div>\r\n\t\t\t\t\t\t\t\t\t\t\t\t\t\t\t\t\t\t\t<div class=\"sub-h\">Portraits<\/div>\r\n\t\t\t\t\t\t\t\t\t\t\t\t\t\t\t\t\t<\/div>\r\n\t\t\t\t\t\t\t\t<h2 class=\"h\">\r\n\t\t\t\t\t\t\t\t\tAleksandra Dobroszczyk\t\t\t\t\t\t\t\t<\/h2>\r\n\t\t\t\t\t\t\t<\/div>\r\n\t\t\t\t\t\t\t\t\t\t\t\t\t\t\t\t\t\t\t<div class=\"text\">sesja studyjna<\/div>\r\n\t\t\t\t\t    \t\t\t\t\t    \t\t\t\t\t\t    <a href=\"#\" class=\"button-style2\">\r\n\t\t\t\t\t\t    \t\t\t\t\t\t\t\t    <span>read more<\/span>\r\n\t\t\t\t\t\t\t<\/a>\r\n\t\t\t\t\t\t\t\t\t\t\t\t\t\t\t\t\t<\/div>\r\n\t\t\t\t<\/div>\r\n\t\t\t<\/div>\r\n\t\t      <div class=\"item swiper-slide item-banner banner-item-69e3592916d44 elementor-repeater-item-2246d55 tal inherit\">\r\n        <div class=\"bg-image\" style=\"background-image: url(https:\/\/fotokisielewski.com\/wp-content\/uploads\/2024\/03\/Sesja_Gorzanow_Kinga_SRGB_091_pies_01a-1.jpg)\"><\/div>\r\n                  \n    <div class=\"bg-overlay\">\n          <\/div>\n\n                            <div class=\"container\">\r\n          <div class=\"cell bottom\">\r\n\t\t\t\t\t\t\t\t\t\t\t\t\t<div class=\"heading heading-with-num-type2\">\r\n\t\t\t\t\t\t\t\t<div class=\"top\">\r\n\t\t\t\t\t\t\t\t\t<div class=\"num\"><\/div>\r\n\t\t\t\t\t\t\t\t\t\t\t\t\t\t\t\t\t\t\t<div class=\"sub-h\">Portraits<\/div>\r\n\t\t\t\t\t\t\t\t\t\t\t\t\t\t\t\t\t<\/div>\r\n\t\t\t\t\t\t\t\t<h2 class=\"h\">\r\n\t\t\t\t\t\t\t\t\tKinga W\u0142aszczyk\t\t\t\t\t\t\t\t<\/h2>\r\n\t\t\t\t\t\t\t<\/div>\r\n\t\t\t\t\t\t\t\t\t\t\t\t\t\t\t\t\t\t\t<div class=\"text\">sesja studyjna<\/div>\r\n\t\t\t\t\t    \t\t\t\t\t    \t\t\t\t\t\t    <a href=\"#\" class=\"button-style2\">\r\n\t\t\t\t\t\t    \t\t\t\t\t\t\t\t    <span>read more<\/span>\r\n\t\t\t\t\t\t\t<\/a>\r\n\t\t\t\t\t\t\t\t\t\t\t\t\t\t\t\t\t<\/div>\r\n\t\t\t\t<\/div>\r\n\t\t\t<\/div>\r\n\t\t      <div class=\"item swiper-slide item-banner banner-item-69e3592917002 elementor-repeater-item-f189a11 tal inherit\">\r\n        <div class=\"bg-image\" style=\"background-image: url(https:\/\/fotokisielewski.com\/wp-content\/uploads\/2024\/03\/Sesja_Gorzanow_Kinga_SRGB_031-1-1-e1709919303599.jpg)\"><\/div>\r\n                  \n    <div class=\"bg-overlay\">\n          <\/div>\n\n                            <div class=\"container\">\r\n          <div class=\"cell bottom\">\r\n\t\t\t\t\t\t\t\t\t\t\t\t\t<div class=\"heading heading-with-num-type2\">\r\n\t\t\t\t\t\t\t\t<div class=\"top\">\r\n\t\t\t\t\t\t\t\t\t<div class=\"num\"><\/div>\r\n\t\t\t\t\t\t\t\t\t\t\t\t\t\t\t\t\t\t\t<div class=\"sub-h\">Portraits<\/div>\r\n\t\t\t\t\t\t\t\t\t\t\t\t\t\t\t\t\t<\/div>\r\n\t\t\t\t\t\t\t\t<h2 class=\"h\">\r\n\t\t\t\t\t\t\t\t\tKinga W\u0142aszczyk\t\t\t\t\t\t\t\t<\/h2>\r\n\t\t\t\t\t\t\t<\/div>\r\n\t\t\t\t\t\t\t\t\t\t\t\t\t\t\t\t\t\t\t<div class=\"text\">sesja studyjna<\/div>\r\n\t\t\t\t\t    \t\t\t\t\t    \t\t\t\t\t\t    <a href=\"#\" class=\"button-style2\">\r\n\t\t\t\t\t\t    \t\t\t\t\t\t\t\t    <span>read more<\/span>\r\n\t\t\t\t\t\t\t<\/a>\r\n\t\t\t\t\t\t\t\t\t\t\t\t\t\t\t\t\t<\/div>\r\n\t\t\t\t<\/div>\r\n\t\t\t<\/div>\r\n\t\t      <div class=\"item swiper-slide item-banner banner-item-69e35929173bc elementor-repeater-item-7cfeb5c tal inherit\">\r\n        <div class=\"bg-image\" style=\"background-image: url(https:\/\/fotokisielewski.com\/wp-content\/uploads\/2024\/03\/5te_Urodziny_Igora_SRGB_043.jpg)\"><\/div>\r\n                  \n    <div class=\"bg-overlay\">\n          <\/div>\n\n                            <div class=\"container\">\r\n          <div class=\"cell bottom\">\r\n\t\t\t\t\t\t\t\t\t\t\t\t\t<div class=\"heading heading-with-num-type2\">\r\n\t\t\t\t\t\t\t\t<div class=\"top\">\r\n\t\t\t\t\t\t\t\t\t<div class=\"num\"><\/div>\r\n\t\t\t\t\t\t\t\t\t\t\t\t\t\t\t\t\t\t\t<div class=\"sub-h\">Portraits<\/div>\r\n\t\t\t\t\t\t\t\t\t\t\t\t\t\t\t\t\t<\/div>\r\n\t\t\t\t\t\t\t\t<h2 class=\"h\">\r\n\t\t\t\t\t\t\t\t\tIgor\t\t\t\t\t\t\t\t<\/h2>\r\n\t\t\t\t\t\t\t<\/div>\r\n\t\t\t\t\t\t\t\t\t\t\t\t\t\t\t\t\t\t\t<div class=\"text\">sesja urodzinowa<\/div>\r\n\t\t\t\t\t    \t\t\t\t\t    \t\t\t\t\t\t    <a href=\"#\" class=\"button-style2\">\r\n\t\t\t\t\t\t    \t\t\t\t\t\t\t\t    <span>read more<\/span>\r\n\t\t\t\t\t\t\t<\/a>\r\n\t\t\t\t\t\t\t\t\t\t\t\t\t\t\t\t\t<\/div>\r\n\t\t\t\t<\/div>\r\n\t\t\t<\/div>\r\n\t\t            <\/div>\r\n          <\/div>\r\n          \r\n          <div class=\"owl-nav\"><div class=\"owl-prev basic-ui-icon-left-arrow\"><\/div><div class=\"owl-next basic-ui-icon-right-arrow\"><\/div><\/div>\r\n          <div class=\"owl-dots\"><\/div>          \r\n\t\t\t\t<\/div>\r\n\r\n\t\t\t<\/div>\r\n\t\t\t\t\t\t<\/div>\n\t\t\t\t<\/div>\n\t\t\t\t\t<\/div>\n\t\t<\/div>\n\t\t\t\t\t<\/div>\n\t\t<\/section>\n\t\t<div class=\"elementor-element elementor-element-2335f3f e-flex e-con-boxed e-con e-parent\" data-id=\"2335f3f\" data-element_type=\"container\" data-e-type=\"container\">\n\t\t\t\t\t<div class=\"e-con-inner\">\n\t\t\t\t\t<\/div>\n\t\t\t\t<\/div>\n\t\t<div class=\"elementor-element elementor-element-84098c3 e-flex e-con-boxed e-con e-parent\" data-id=\"84098c3\" data-element_type=\"container\" data-e-type=\"container\">\n\t\t\t\t\t<div class=\"e-con-inner\">\n\t\t\t\t\t<\/div>\n\t\t\t\t<\/div>\n\t\t<div class=\"elementor-element elementor-element-02613ce e-flex e-con-boxed e-con e-parent\" data-id=\"02613ce\" data-element_type=\"container\" data-e-type=\"container\">\n\t\t\t\t\t<div class=\"e-con-inner\">\n\t\t\t\t\t<\/div>\n\t\t\t\t<\/div>\n\t\t\t\t<\/div>\n\t\t","protected":false},"excerpt":{"rendered":"<p>facebook twitter youtube Portrety Imprezy okoliczno\u015bciowe \/ Events Studio Moda Nature o mnie Nazywam si\u0119 Sebastian Kisielewski i jestem profesjonalnym fotografem Witam Serdecznie na mojej stronie. Skoro tu jeste\u015b to pewnie zainreresowa\u0142y Ci\u0119 moje prace. Specjalizuj\u0119 si\u0119 w fotografii ludzi. Prywatnie najcz\u0119\u015bciej robi\u0119 reporta\u017ce rodzinne i okoliczn\u015bciowe. Lubi\u0119 te\u017c fotografowa\u0107 przyrod\u0119. W moim portfolio znajdziesz [&hellip;]<\/p>\n","protected":false},"author":1,"featured_media":0,"parent":0,"menu_order":0,"comment_status":"closed","ping_status":"closed","template":"template-landing.php","meta":{"_acf_changed":false,"footnotes":""},"class_list":["post-1808","page","type-page","status-publish","hentry"],"acf":[],"_links":{"self":[{"href":"https:\/\/fotokisielewski.com\/index.php\/wp-json\/wp\/v2\/pages\/1808","targetHints":{"allow":["GET"]}}],"collection":[{"href":"https:\/\/fotokisielewski.com\/index.php\/wp-json\/wp\/v2\/pages"}],"about":[{"href":"https:\/\/fotokisielewski.com\/index.php\/wp-json\/wp\/v2\/types\/page"}],"author":[{"embeddable":true,"href":"https:\/\/fotokisielewski.com\/index.php\/wp-json\/wp\/v2\/users\/1"}],"replies":[{"embeddable":true,"href":"https:\/\/fotokisielewski.com\/index.php\/wp-json\/wp\/v2\/comments?post=1808"}],"version-history":[{"count":84,"href":"https:\/\/fotokisielewski.com\/index.php\/wp-json\/wp\/v2\/pages\/1808\/revisions"}],"predecessor-version":[{"id":3846,"href":"https:\/\/fotokisielewski.com\/index.php\/wp-json\/wp\/v2\/pages\/1808\/revisions\/3846"}],"wp:attachment":[{"href":"https:\/\/fotokisielewski.com\/index.php\/wp-json\/wp\/v2\/media?parent=1808"}],"curies":[{"name":"wp","href":"https:\/\/api.w.org\/{rel}","templated":true}]}}